{"id":80,"date":"2015-09-13T16:18:50","date_gmt":"2015-09-13T14:18:50","guid":{"rendered":"http:\/\/boehle.sobierta-computer.de\/?page_id=80"},"modified":"2017-04-25T08:03:20","modified_gmt":"2017-04-25T06:03:20","slug":"impressum","status":"publish","type":"page","link":"https:\/\/boehle-hls.de\/?page_id=80","title":{"rendered":"Impressum"},"content":{"rendered":"<p>Firmenname:&nbsp;&nbsp;&nbsp;&nbsp;&nbsp;&nbsp;&nbsp;&nbsp;&nbsp; B\u00f6hle Haustechnik GmbH<br \/>\nAnschrift:&nbsp;&nbsp;&nbsp;&nbsp;&nbsp;&nbsp;&nbsp;&nbsp;&nbsp;&nbsp;&nbsp;&nbsp;&nbsp;&nbsp;&nbsp;&nbsp;&nbsp;Kreisstra\u00dfe 59 a<br \/>\n39387 &#8211; Oschersleben \/ OT Hordorf<br \/>\nDeutschland<br \/>\nTelefon:&nbsp;&nbsp;&nbsp;&nbsp;&nbsp;&nbsp;&nbsp;&nbsp;&nbsp;&nbsp;&nbsp;&nbsp;&nbsp;&nbsp;&nbsp;&nbsp;&nbsp;&nbsp;&nbsp; 03949 &#8211; 94 66 &#8211; 0<br \/>\nFax: &nbsp; &nbsp; &nbsp; &nbsp; &nbsp; &nbsp; &nbsp; &nbsp; &nbsp; &nbsp; &nbsp; &nbsp; &nbsp; 03949 &#8211; 94 66 &#8211; 66<br \/>\nEmail:&nbsp;&nbsp;&nbsp;&nbsp;&nbsp;&nbsp;&nbsp;&nbsp;&nbsp;&nbsp;&nbsp;&nbsp;&nbsp;&nbsp;&nbsp;&nbsp;&nbsp;&nbsp;&nbsp;&nbsp;&nbsp;&nbsp; info@boehle-hls.de<br \/>\nGesch\u00e4ftsf\u00fchrer:&nbsp;&nbsp;&nbsp; Andreas Kayser, Steffen Julius<\/p>\n<p>Vorsitzender des Beirats : Klaus B\u00f6hle<\/p>\n<p>Steuernummer: 102 \/ 107 \/&nbsp;00744<br \/>\nUmsatzsteuer-ID gem\u00e4\u00df \u00a7 27 a Umsatzsteuergesetz: DE263604386<br \/>\nInhaltlich verantwortlich gem\u00e4\u00df \u00a7 6 MDStV: Frauke Julius<\/p>\n<p>Handelsregister:<br \/>\nHRB 8679 Amtsgericht Stendal<\/p>\n<p>Bau- u. Berufsgenossenschaft Hannover:<br \/>\nMitglied Nr. MM 10.501.919.824<\/p>\n<p>Eintrag in Handwerksrolle:<br \/>\nNr. 0041936 Handwerkskammer Magdeburg<\/p>\n<p>&nbsp;<\/p>\n<p>Herzlich willkommen!<br \/>\nWir freuen uns, dass Sie unsere Webseiten besuchen und bedanken uns f\u00fcr Ihr Interesse an unserem Unternehmen, unseren Produkten und unseren Webseiten. Der Schutz Ihrer Privatsph\u00e4re bei der Nutzung unserer Webseiten ist uns wichtig. Daher nehmen Sie bitte nachstehende Informationen zur Kenntnis:<\/p>\n<p>Anonyme Datenerhebung<br \/>\nSie k\u00f6nnen unsere Webseiten grunds\u00e4tzlich besuchen, ohne uns mitzuteilen, wer Sie sind. Wir erfahren nur den Namen Ihres Internet Service Providers, die Webseite, von der aus Sie uns besuchen, und die Webseiten, die Sie bei uns besuchen. Diese Informationen werden zu statistischen Zwecken ausgewertet. Sie bleiben als einzelner Nutzer hierbei anonym.<\/p>\n<p>Erhebung und Verarbeitung personenbezogener Daten<br \/>\nPersonenbezogene Daten werden nur erhoben, wenn Sie uns diese von sich aus, zum Beispiel zur Durchf\u00fchrung eines Vertrages, einer Umfrage oder bei der Registrierung f\u00fcr personalisierte Dienste mitteilen. Im Rahmen der personalisierten Dienste von uns werden Ihre Registrierungsdaten unter der Voraussetzung Ihrer Einwilligung zum Zwecke von Werbung und Marktforschung sowie zur bedarfsgerechten Gestaltung elektronischer Dienste verarbeitet.<\/p>\n<p>Nutzung und Weitergabe personenbezogener Daten<br \/>\nDie im Rahmen der Webseiten von uns erhobenen personenbezogenen Daten werden ohne Ihre Einwilligung nur zur Vertragsabwicklung und Bearbeitung Ihrer Anfragen genutzt. Dar\u00fcber hinaus erfolgt eine Nutzung Ihrer Daten f\u00fcr Zwecke der Werbung und Marktforschung sowie zur bedarfsgerechten Gestaltung der elektronischen Dienste von uns nur, wenn Sie hierzu zuvor Ihre Einwilligung erteilt haben. Die Nutzung Ihrer Daten f\u00fcr pers\u00f6nlich auf Sie zugeschnittene Werbung erfolgt ebenfalls nur im Falle Ihrer Einwilligung. Es findet keine Weitergabe Ihrer Daten an Dritte statt. Ihre jeweilige Einwilligung k\u00f6nnen Sie selbstverst\u00e4ndlich jederzeit mit Wirkung f\u00fcr die Zukunft widerrufen.<\/p>\n<p>Externe Links<br \/>\nZu Ihrer optimalen Information finden Sie auf unseren Seiten Links, die auf Seiten Dritter verweisen. Soweit diese nicht offensichtlich erkennbar sind, weisen wir Sie darauf hin, dass es sich um einen externen Link handelt. Wir haben keinerlei Einfluss auf den Inhalt und die Gestaltung dieser Seiten anderer Anbieter. Die Garantien dieser Datenschutzerkl\u00e4rung gelten daher selbstverst\u00e4ndlich dort nicht.<\/p>\n<p>Weitere Informationen und Kontakte<br \/>\nWenn Sie weitere Fragen zum Thema Datenschutz bei uns haben, wenden Sie sich bitte direkt an uns. Die Kontaktadresse finden Sie oben auf dieser Seite. Dort k\u00f6nnen Sie erfragen, welche Ihrer Daten bei uns gespeichert sind. Dar\u00fcber hinaus k\u00f6nnen Sie Ausk\u00fcnfte, L\u00f6schungs- und Berichtigungsw\u00fcnsche zu Ihren Daten und gerne auch Anregungen jederzeit per E-Mail oder Brief an uns senden. Die komplette Adresse von uns finden Sie ebenfalls oben auf dieser Seite.<\/p>\n","protected":false},"excerpt":{"rendered":"<p>Firmenname:&nbsp;&nbsp;&nbsp;&nbsp;&nbsp;&nbsp;&nbsp;&nbsp;&nbsp; B\u00f6hle Haustechnik GmbH Anschrift:&nbsp;&nbsp;&nbsp;&nbsp;&nbsp;&nbsp;&nbsp;&nbsp;&nbsp;&nbsp;&nbsp;&nbsp;&nbsp;&nbsp;&nbsp;&nbsp;&nbsp;Kreisstra\u00dfe 59 a 39387 &#8211; Oschersleben \/ OT Hordorf Deutschland Telefon:&nbsp;&nbsp;&nbsp;&nbsp;&nbsp;&nbsp;&nbsp;&nbsp;&nbsp;&nbsp;&nbsp;&nbsp;&nbsp;&nbsp;&nbsp;&nbsp;&nbsp;&nbsp;&nbsp; 03949 &#8211; 94 66 &#8211; 0 Fax: &nbsp; &nbsp; &nbsp; &nbsp; &nbsp; &nbsp; &nbsp; &nbsp; &nbsp; &nbsp; &nbsp; &nbsp; &nbsp; 03949 &#8211; 94 66 &#8211; 66 Email:&nbsp;&nbsp;&nbsp;&nbsp;&nbsp;&nbsp;&nbsp;&nbsp;&nbsp;&nbsp;&nbsp;&nbsp;&nbsp;&nbsp;&nbsp;&nbsp;&nbsp;&nbsp;&nbsp;&nbsp;&nbsp;&nbsp; info@boehle-hls.de Gesch\u00e4ftsf\u00fchrer:&nbsp;&nbsp;&nbsp; Andreas Kayser, Steffen Julius Vorsitzender des Beirats : Klaus B\u00f6hle Steuernummer: &#8230; <a title=\"Impressum\" class=\"read-more\" href=\"https:\/\/boehle-hls.de\/?page_id=80\" aria-label=\"Mehr dazu unter Impressum\">Weiterlesen<\/a><\/p>\n","protected":false},"author":1,"featured_media":0,"parent":0,"menu_order":8,"comment_status":"closed","ping_status":"closed","template":"","meta":{"ngg_post_thumbnail":0,"_links_to":"","_links_to_target":""},"_links":{"self":[{"href":"https:\/\/boehle-hls.de\/index.php?rest_route=\/wp\/v2\/pages\/80"}],"collection":[{"href":"https:\/\/boehle-hls.de\/index.php?rest_route=\/wp\/v2\/pages"}],"about":[{"href":"https:\/\/boehle-hls.de\/index.php?rest_route=\/wp\/v2\/types\/page"}],"author":[{"embeddable":true,"href":"https:\/\/boehle-hls.de\/index.php?rest_route=\/wp\/v2\/users\/1"}],"replies":[{"embeddable":true,"href":"https:\/\/boehle-hls.de\/index.php?rest_route=%2Fwp%2Fv2%2Fcomments&post=80"}],"version-history":[{"count":10,"href":"https:\/\/boehle-hls.de\/index.php?rest_route=\/wp\/v2\/pages\/80\/revisions"}],"predecessor-version":[{"id":307,"href":"https:\/\/boehle-hls.de\/index.php?rest_route=\/wp\/v2\/pages\/80\/revisions\/307"}],"wp:attachment":[{"href":"https:\/\/boehle-hls.de\/index.php?rest_route=%2Fwp%2Fv2%2Fmedia&parent=80"}],"curies":[{"name":"wp","href":"https:\/\/api.w.org\/{rel}","templated":true}]}}