{"id":61,"date":"2015-07-31T21:31:50","date_gmt":"2015-07-31T19:31:50","guid":{"rendered":"http:\/\/boehle.sobierta-computer.de\/?page_id=61"},"modified":"2015-10-29T17:08:55","modified_gmt":"2015-10-29T16:08:55","slug":"stellenstellung-jobboerse","status":"publish","type":"page","link":"https:\/\/boehle-hls.de\/?page_id=61","title":{"rendered":"Stellen\/Stellung (Jobb\u00f6rse)"},"content":{"rendered":"<p><img decoding=\"async\" loading=\"lazy\" class=\"alignnone size-full wp-image-184\" src=\"http:\/\/boehle-hls.de\/wp-content\/uploads\/2015\/07\/jobboerse_logo.jpg\" alt=\"jobboerse_logo\" width=\"1000\" height=\"337\" srcset=\"https:\/\/boehle-hls.de\/wp-content\/uploads\/2015\/07\/jobboerse_logo.jpg 1000w, https:\/\/boehle-hls.de\/wp-content\/uploads\/2015\/07\/jobboerse_logo-300x101.jpg 300w\" sizes=\"(max-width: 1000px) 100vw, 1000px\" \/><\/p>\n<p>Wir suchen:<\/p>\n<ul>\n<li>Anlagenmechaniker<\/li>\n<li>Elektroniker f\u00fcr Haus- und Geb\u00e4udetechnik<\/li>\n<\/ul>\n<p>Sie suchen eine Lehrstelle und interessieren sich f\u00fcr Haustechnik. Als qualifizierter Ausbildungspartner sind wir st\u00e4ndig auf Suche nach\u00a0motivierten und gut ausgebildeten Mitarbeitern.<\/p>\n<p>Anfragen sind schriftlich, per Mail oder telefonisch zu richten an:<\/p>\n<p>Frau Julius<br \/>\nMail:\u00a0\u00a0\u00a0\u00a0 fjulius@boehle-hls.de<br \/>\nTel.:\u00a0\u00a0\u00a0\u00a0\u00a0 03949-946631<br \/>\nHandy: 015155573151<\/p>\n","protected":false},"excerpt":{"rendered":"<p>Wir suchen: Anlagenmechaniker Elektroniker f\u00fcr Haus- und Geb\u00e4udetechnik Sie suchen eine Lehrstelle und interessieren sich f\u00fcr Haustechnik. Als qualifizierter Ausbildungspartner sind wir st\u00e4ndig auf Suche nach\u00a0motivierten und gut ausgebildeten Mitarbeitern. Anfragen sind schriftlich, per Mail oder telefonisch zu richten an: Frau Julius Mail:\u00a0\u00a0\u00a0\u00a0 fjulius@boehle-hls.de Tel.:\u00a0\u00a0\u00a0\u00a0\u00a0 03949-946631 Handy: 015155573151<\/p>\n","protected":false},"author":1,"featured_media":0,"parent":26,"menu_order":3,"comment_status":"closed","ping_status":"closed","template":"","meta":{"ngg_post_thumbnail":0,"_links_to":"","_links_to_target":""},"_links":{"self":[{"href":"https:\/\/boehle-hls.de\/index.php?rest_route=\/wp\/v2\/pages\/61"}],"collection":[{"href":"https:\/\/boehle-hls.de\/index.php?rest_route=\/wp\/v2\/pages"}],"about":[{"href":"https:\/\/boehle-hls.de\/index.php?rest_route=\/wp\/v2\/types\/page"}],"author":[{"embeddable":true,"href":"https:\/\/boehle-hls.de\/index.php?rest_route=\/wp\/v2\/users\/1"}],"replies":[{"embeddable":true,"href":"https:\/\/boehle-hls.de\/index.php?rest_route=%2Fwp%2Fv2%2Fcomments&post=61"}],"version-history":[{"count":6,"href":"https:\/\/boehle-hls.de\/index.php?rest_route=\/wp\/v2\/pages\/61\/revisions"}],"predecessor-version":[{"id":194,"href":"https:\/\/boehle-hls.de\/index.php?rest_route=\/wp\/v2\/pages\/61\/revisions\/194"}],"up":[{"embeddable":true,"href":"https:\/\/boehle-hls.de\/index.php?rest_route=\/wp\/v2\/pages\/26"}],"wp:attachment":[{"href":"https:\/\/boehle-hls.de\/index.php?rest_route=%2Fwp%2Fv2%2Fmedia&parent=61"}],"curies":[{"name":"wp","href":"https:\/\/api.w.org\/{rel}","templated":true}]}}