{"id":10,"date":"2015-07-26T13:26:43","date_gmt":"2015-07-26T11:26:43","guid":{"rendered":"http:\/\/boehle.sobierta-computer.de\/?page_id=10"},"modified":"2017-01-08T15:53:29","modified_gmt":"2017-01-08T14:53:29","slug":"startseite","status":"publish","type":"page","link":"https:\/\/boehle-hls.de\/","title":{"rendered":"Startseite"},"content":{"rendered":"<p>Willkommen auf unserer Internetpr\u00e4senz!<\/p>\n<p>In Zukunft finden Sie durch ein neu installiertes System noch schneller die f\u00fcr Sie interessanten Informationen bzw. haben Sie nun \u00fcber das neue Kontaktformular die M\u00f6glichkeit einfach und schnell uns eine Nachricht zukommen zu lassen.<\/p>\n<p>Weiterhin finden Sie hier in den Bereichen\u00a0Service\u00a0unter anderem unsere Jobb\u00f6rse bzw. einen Downloadbereich mit Informationsmaterial.<\/p>\n<p>Wir arbeiten daran, Ihnen alles so schnell wie m\u00f6glich in\u00a0gewohnt hoher\u00a0Qualit\u00e4t zur Verf\u00fcgung zu stellen!<\/p>\n<p>Ihr B\u00f6hle Team<\/p>\n","protected":false},"excerpt":{"rendered":"<p>Willkommen auf unserer Internetpr\u00e4senz! In Zukunft finden Sie durch ein neu installiertes System noch schneller die f\u00fcr Sie interessanten Informationen bzw. haben Sie nun \u00fcber das neue Kontaktformular die M\u00f6glichkeit einfach und schnell uns eine Nachricht zukommen zu lassen. Weiterhin finden Sie hier in den Bereichen\u00a0Service\u00a0unter anderem unsere Jobb\u00f6rse bzw. einen Downloadbereich mit Informationsmaterial. Wir &#8230; <a title=\"Startseite\" class=\"read-more\" href=\"https:\/\/boehle-hls.de\/\" aria-label=\"Mehr dazu unter Startseite\">Weiterlesen<\/a><\/p>\n","protected":false},"author":1,"featured_media":0,"parent":0,"menu_order":1,"comment_status":"closed","ping_status":"closed","template":"","meta":{"ngg_post_thumbnail":0,"_links_to":"","_links_to_target":""},"_links":{"self":[{"href":"https:\/\/boehle-hls.de\/index.php?rest_route=\/wp\/v2\/pages\/10"}],"collection":[{"href":"https:\/\/boehle-hls.de\/index.php?rest_route=\/wp\/v2\/pages"}],"about":[{"href":"https:\/\/boehle-hls.de\/index.php?rest_route=\/wp\/v2\/types\/page"}],"author":[{"embeddable":true,"href":"https:\/\/boehle-hls.de\/index.php?rest_route=\/wp\/v2\/users\/1"}],"replies":[{"embeddable":true,"href":"https:\/\/boehle-hls.de\/index.php?rest_route=%2Fwp%2Fv2%2Fcomments&post=10"}],"version-history":[{"count":23,"href":"https:\/\/boehle-hls.de\/index.php?rest_route=\/wp\/v2\/pages\/10\/revisions"}],"predecessor-version":[{"id":298,"href":"https:\/\/boehle-hls.de\/index.php?rest_route=\/wp\/v2\/pages\/10\/revisions\/298"}],"wp:attachment":[{"href":"https:\/\/boehle-hls.de\/index.php?rest_route=%2Fwp%2Fv2%2Fmedia&parent=10"}],"curies":[{"name":"wp","href":"https:\/\/api.w.org\/{rel}","templated":true}]}}